{"id":51,"date":"2024-04-17T14:47:59","date_gmt":"2024-04-17T12:47:59","guid":{"rendered":"https:\/\/ardeco.boutique\/?page_id=51"},"modified":"2025-10-08T13:17:10","modified_gmt":"2025-10-08T11:17:10","slug":"refund_returns","status":"publish","type":"page","link":"https:\/\/ardeco.boutique\/de\/refund_returns\/","title":{"rendered":"Bedingungen R\u00fcckgabe und -erstattung"},"content":{"rendered":"<p class=\"wp-block-paragraph\">ARDECO<\/p>\n\n\n\n<p class=\"wp-block-paragraph\">Salzburg - \u00d6sterreich<\/p>\n\n\n\n<div style=\"height:100px\" aria-hidden=\"true\" class=\"wp-block-spacer\"><\/div>\n\n\n\n<p class=\"wp-block-paragraph\"><\/p>\n\n\n\n<p class=\"has-medium-font-size wp-block-paragraph\">Vielen Dank f\u00fcr den Kauf eines einzigartigen und handgefertigten Schmuckst\u00fccks von h\u00f6chster Qualit\u00e4t! Wir von ARDECO GARANTIEREN beste Qualit\u00e4ten mit ECHTHEITS-ZERTIFIKAT. Mit Ihrem Kauf tragen Sie zu einem Netzwerk von 300 Familien auf der ganzen Welt bei, die unsere Ohrringe, Halsketten, Anh\u00e4nger, Broschen und Ringe herstellen. Die h\u00f6chste Priorit\u00e4t in unserem Unternehmen ist, dass wir SIE, unsere KundInnen, zufrieden stellen mit UNSEREN WUNDERSCH\u00d6NEN QUALIT\u00c4TSPRODUKTEN. <span style=\"text-decoration: underline;\">ARDECO<\/span> you can be sure that you have purchased the most beautiful on the market and a unique quality product.<\/p>\n\n\n\n<div style=\"height:100px\" aria-hidden=\"true\" class=\"wp-block-spacer\"><\/div>\n\n\n\n<p class=\"wp-block-paragraph\"><\/p>\n\n\n\n<p class=\"has-medium-font-size wp-block-paragraph\">Allerdings kann es nat\u00fcrlich vorkommen, dass Sie sich nach dem Kauf f\u00fcr eine R\u00fcckgabe entscheiden. Aus diesem Grund haben wir mit den folgenden Richtlinien einen Rahmen f\u00fcr diese R\u00fcckgabe entwickelt. Sollten Sie hierzu Fragen haben, z\u00f6gern Sie bitte nicht, uns zu kontaktieren. Wir sind ein bodenst\u00e4ndiges Familienunternehmen und lieben den Kontakt zu unseren Kunden. Unsere Kunden sind unsere Edelsteine, auf die wir sehr gut Acht geben. <\/p>\n\n\n\n<p class=\"has-medium-font-size wp-block-paragraph\">Unsere R\u00fcckerstattungs- und R\u00fcckgaberichtlinie gilt f\u00fcr 30 Tage. Wenn seit Ihrem Kauf 30 Tage vergangen sind, k\u00f6nnen wir Ihnen keine vollst\u00e4ndige R\u00fcckerstattung und keinen Umtausch mehr anbieten.<\/p>\n\n\n\n<p class=\"wp-block-paragraph\"><\/p>\n\n\n\n<div style=\"height:100px\" aria-hidden=\"true\" class=\"wp-block-spacer\"><\/div>\n\n\n\n<ul class=\"wp-block-list has-medium-font-size\">\n<li>Um Anspruch auf eine R\u00fcckgabe zu haben, muss Ihr Artikel unbenutzt und in demselben Zustand sein, in dem Sie ihn von uns erhalten haben. Es muss au\u00dferdem in der Originalverpackung und auf eigene Kosten versichert an folgende Adresse zur\u00fcckgeschickt werden: CASA ARDECO, Weizensteinerstr. 4, 5020 Salzburg in \u00d6sterreich innerhalb von 30 Tagen nach Ihrem Kauf.<br><\/li>\n<\/ul>\n\n\n\n<ul class=\"wp-block-list has-medium-font-size\">\n<li>Um Ihre R\u00fccksendung abzuschlie\u00dfen, ben\u00f6tigen wir eine Quittung oder einen Kaufbeleg sowie Ihre pers\u00f6nliche Telefonnummer, um nach Erhalt Ihres einzigartigen Schmuckst\u00fccks mit Ihnen in Kontakt treten zu k\u00f6nnen.<\/li>\n<\/ul>\n\n\n\n<ul class=\"wp-block-list has-medium-font-size\">\n<li>Es gibt bestimmte Situationen, in denen nur teilweise R\u00fcckerstattungen gew\u00e4hrt werden k\u00f6nnen: 1. Schmuckst\u00fccke mit offensichtlichen Gebrauchsspuren. 2. Der Artikel befindet sich nicht im Originalzustand, ist besch\u00e4digt oder es fehlen Teile aus Gr\u00fcnden, die nicht auf unser Verschulden zur\u00fcckzuf\u00fchren sind, sonder auf die der Kundin oder des Kunden. 3. Jeder Artikel, der mehr als 30 Tage nach der Lieferung zur\u00fcckgegeben wird.<br><\/li>\n<\/ul>\n\n\n\n<ul class=\"wp-block-list has-medium-font-size\">\n<li>Sobald Ihre R\u00fccksendung eingegangen und gepr\u00fcft ist, rufen wir Sie an, um Ihnen mitzuteilen, dass wir Ihren zur\u00fcckgegebenen Artikel erhalten haben. Wir werden Sie auch \u00fcber die Genehmigung oder Ablehnung Ihrer R\u00fcckerstattung informieren.<br><\/li>\n<\/ul>\n\n\n\n<ul class=\"wp-block-list has-medium-font-size\">\n<li>Wenn Ihre Genehmigung erteilt wird, wird Ihre R\u00fcckerstattung bearbeitet und innerhalb einer bestimmten Anzahl von Tagen automatisch eine Gutschrift auf Ihre Kreditkarte oder die urspr\u00fcngliche Zahlungsmethode vorgenommen.<br><\/li>\n<\/ul>\n\n\n\n<ul class=\"wp-block-list has-medium-font-size\">\n<li>Versp\u00e4tete oder fehlende R\u00fcckerstattungen: Wenn Sie noch keine R\u00fcckerstattung erhalten haben, \u00fcberpr\u00fcfen Sie zun\u00e4chst noch einmal Ihr Bankkonto. Wenden Sie sich dann an Ihr Kreditkartenunternehmen. Es kann einige Zeit dauern, bis Ihre R\u00fcckerstattung offiziell gebucht wird. Kontaktieren Sie als n\u00e4chstes Ihre Bank. Es nimmt oft eine gewisse Bearbeitungszeit in Anspruch, bis eine R\u00fcckerstattung gebucht wird. Wenn Sie dies alles getan haben und Ihre R\u00fcckerstattung noch immer nicht erhalten haben, kontaktieren Sie uns bitte per Telefon\/WhatsApp. Wir ersetzen Artikel nur, wenn sie defekt oder besch\u00e4digt sind. Wenn Sie den Artikel gegen den gleichen Artikel umtauschen m\u00f6chten, t\u00e4tigen Sie bitte einen weiteren Kauf \u00fcber den Webshop.<br><\/li>\n\n\n\n<li>Kontaktieren Sie uns gerne unter {+436601777626}, wenn Sie Fragen zu R\u00fcckerstattungen und R\u00fccksendungen haben.<\/li>\n<\/ul>","protected":false},"excerpt":{"rendered":"<p>ARDECO Salzburg &#8211; Austria Thank you for purchasing our unique &amp; handmade Jewelry Piece of the highest quality standard! With your purchase you are contributing to a network of over 300 families around the world which are manufacturing our earrings, necklaces, pendants and rings. The highest priority in our company is that we satisfy YOU [&hellip;]<\/p>\n","protected":false},"author":1,"featured_media":0,"parent":0,"menu_order":0,"comment_status":"closed","ping_status":"closed","template":"","meta":{"_crdt_document":"","advanced_seo_description":"","jetpack_seo_html_title":"","jetpack_seo_noindex":false,"footnotes":""},"class_list":["post-51","page","type-page","status-publish","hentry"],"jetpack_sharing_enabled":true,"jetpack_likes_enabled":true,"jetpack_shortlink":"https:\/\/wp.me\/PfGQh9-P","_links":{"self":[{"href":"https:\/\/ardeco.boutique\/de\/wp-json\/wp\/v2\/pages\/51","targetHints":{"allow":["GET"]}}],"collection":[{"href":"https:\/\/ardeco.boutique\/de\/wp-json\/wp\/v2\/pages"}],"about":[{"href":"https:\/\/ardeco.boutique\/de\/wp-json\/wp\/v2\/types\/page"}],"author":[{"embeddable":true,"href":"https:\/\/ardeco.boutique\/de\/wp-json\/wp\/v2\/users\/1"}],"replies":[{"embeddable":true,"href":"https:\/\/ardeco.boutique\/de\/wp-json\/wp\/v2\/comments?post=51"}],"version-history":[{"count":9,"href":"https:\/\/ardeco.boutique\/de\/wp-json\/wp\/v2\/pages\/51\/revisions"}],"predecessor-version":[{"id":1769,"href":"https:\/\/ardeco.boutique\/de\/wp-json\/wp\/v2\/pages\/51\/revisions\/1769"}],"wp:attachment":[{"href":"https:\/\/ardeco.boutique\/de\/wp-json\/wp\/v2\/media?parent=51"}],"curies":[{"name":"wp","href":"https:\/\/api.w.org\/{rel}","templated":true}]}}