{"id":1176,"date":"2024-12-16T21:33:47","date_gmt":"2024-12-16T20:33:47","guid":{"rendered":"https:\/\/ardeco.boutique\/?post_type=product&#038;p=1176"},"modified":"2025-09-11T21:20:09","modified_gmt":"2025-09-11T19:20:09","slug":"1176","status":"publish","type":"product","link":"https:\/\/ardeco.boutique\/de\/shop\/earrings\/1176\/","title":{"rendered":"Ohrh\u00e4nger Jade Red"},"content":{"rendered":"<p>Ein wundersch\u00f6nes Paar Ohrh\u00e4nger aus echtem Jadestein, oval, ca. 4 cm hoch und 2,5 cm breit. Geschmiedet aus echtem 925er Silber, verziert mit wei\u00dfen Topasen. Sehr leichte Ohrringe, ausschlie\u00dflich aus antiallergischen Materialien gefertigt. Mit Liebe handgefertigt, einzigartiges Design von ARDECO.<\/p>\n<p>Wir empfehlen Ihnen ein EINZIGARTIGES SCHMUCKSET aus diesem wundervollen Set aus OHRRINGEN und dem dazu passenden FIVE-STONE-ARMBAND RED SILVER (Design Nr. 52103)<\/p>","protected":false},"excerpt":{"rendered":"<p>Wundersch\u00f6ne handgefertigte Ohrh\u00e4nger aus echtem ACHAT-STEIN.<\/p>","protected":false},"featured_media":1629,"comment_status":"open","ping_status":"closed","template":"","meta":{"_crdt_document":"","advanced_seo_description":"","jetpack_seo_html_title":"","jetpack_seo_noindex":false,"jetpack_publicize_message":"","jetpack_publicize_feature_enabled":true,"jetpack_social_post_already_shared":true,"jetpack_social_options":{"image_generator_settings":{"template":"highway","default_image_id":0,"font":"","enabled":false},"version":2},"_wpas_customize_per_network":false},"product_brand":[],"product_cat":[1385],"product_tag":[1386,1425,1396,1397,1394],"class_list":{"0":"post-1176","1":"product","2":"type-product","3":"status-publish","4":"has-post-thumbnail","6":"product_cat-earrings","7":"product_tag-earrings","8":"product_tag-jade","9":"product_tag-silver","10":"product_tag-silver-925","11":"product_tag-white-topaz","13":"first","14":"instock","15":"taxable","16":"shipping-taxable","17":"purchasable","18":"product-type-simple"},"exclude_global_add_ons":[],"addons":[],"jetpack_publicize_connections":[],"jetpack_sharing_enabled":true,"jetpack_likes_enabled":true,"_links":{"self":[{"href":"https:\/\/ardeco.boutique\/de\/wp-json\/wp\/v2\/product\/1176","targetHints":{"allow":["GET"]}}],"collection":[{"href":"https:\/\/ardeco.boutique\/de\/wp-json\/wp\/v2\/product"}],"about":[{"href":"https:\/\/ardeco.boutique\/de\/wp-json\/wp\/v2\/types\/product"}],"replies":[{"embeddable":true,"href":"https:\/\/ardeco.boutique\/de\/wp-json\/wp\/v2\/comments?post=1176"}],"wp:featuredmedia":[{"embeddable":true,"href":"https:\/\/ardeco.boutique\/de\/wp-json\/wp\/v2\/media\/1629"}],"wp:attachment":[{"href":"https:\/\/ardeco.boutique\/de\/wp-json\/wp\/v2\/media?parent=1176"}],"wp:term":[{"taxonomy":"product_brand","embeddable":true,"href":"https:\/\/ardeco.boutique\/de\/wp-json\/wp\/v2\/product_brand?post=1176"},{"taxonomy":"product_cat","embeddable":true,"href":"https:\/\/ardeco.boutique\/de\/wp-json\/wp\/v2\/product_cat?post=1176"},{"taxonomy":"product_tag","embeddable":true,"href":"https:\/\/ardeco.boutique\/de\/wp-json\/wp\/v2\/product_tag?post=1176"}],"curies":[{"name":"wp","href":"https:\/\/api.w.org\/{rel}","templated":true}]}}