{"id":1233,"date":"2024-12-19T17:56:18","date_gmt":"2024-12-19T16:56:18","guid":{"rendered":"https:\/\/ardeco.boutique\/?post_type=product&#038;p=1233"},"modified":"2026-01-02T13:27:23","modified_gmt":"2026-01-02T12:27:23","slug":"ardeco-bracelet-miyuki-camouflage-red","status":"publish","type":"product","link":"https:\/\/ardeco.boutique\/de\/shop\/bracelets\/ardeco-bracelet-miyuki-camouflage-red\/","title":{"rendered":"Armband Camouflage"},"content":{"rendered":"<div id=\"tw-target-text-container\" class=\"tw-ta-container F0azHf tw-nfl\" tabindex=\"0\" role=\"text\">\n<p>Rot ist die Farbe der Liebe und ARDECO RED wird aus vielen verschiedenen Materialien zu wundersch\u00f6nen, einzigartigen Schmuckst\u00fccken verarbeitet. Dieses Armband besteht aus 440 handgef\u00e4delten Miyuki-Glasperlen. Es wird mit viel LIEBE in Lateinamerika in pr\u00e4ziser Detailarbeit hergestellt. Dieses handgefertigte, einzigartige Schmuckst\u00fcck ist leicht, angenehm zu tragen und verf\u00fcgt \u00fcber einen flexiblen Verschluss f\u00fcr alle Handgelenksgr\u00f6\u00dfen.<\/p>\n<pre id=\"tw-target-text\" class=\"tw-data-text tw-text-large tw-ta\" dir=\"ltr\" data-placeholder=\"\u00dcbersetzung\" aria-label=\"\u00dcbersetzter Text: Red is the color of love and ARDECO RED is made from many different materials to create beautiful, unique pieces of jewelry. This bracelet is made from 440 hand-threaded Miyuki glass beads. It is lovingly made in Latin America. This handmade, unique piece of jewelry is light, comfortable to wear and has a flexible clasp for all wrist sizes.\" data-ved=\"2ahUKEwigtJD6nrSKAxWrnf0HHbGDE4kQ3ewLegQICRAT\"><span class=\"Y2IQFc\" lang=\"en\">\u00a0<\/span><\/pre>\n<\/div>\n<div id=\"tw-target-rmn-container\" class=\"tw-target-rmn tw-ta-container F0azHf tw-nfl\" tabindex=\"0\" role=\"text\">\n<pre id=\"tw-target-rmn\" class=\"tw-data-placeholder tw-text-small tw-ta\" dir=\"ltr\" data-placeholder=\"\"><\/pre>\n<\/div>","protected":false},"excerpt":{"rendered":"<p>Handgef\u00e4deltes Miyuki-Armband aus 440 Glasperlen mit flexiblem Ziehverschluss f\u00fcr alle Handgelenksgr\u00f6\u00dfen.<\/p>","protected":false},"featured_media":1030,"comment_status":"open","ping_status":"closed","template":"","meta":{"_crdt_document":"","advanced_seo_description":"","jetpack_seo_html_title":"","jetpack_seo_noindex":false,"jetpack_publicize_message":"","jetpack_publicize_feature_enabled":true,"jetpack_social_post_already_shared":true,"jetpack_social_options":{"image_generator_settings":{"template":"highway","default_image_id":0,"font":"","enabled":false},"version":2},"_wpas_customize_per_network":false},"product_brand":[],"product_cat":[1377],"product_tag":[1378,1414,1415],"class_list":{"0":"post-1233","1":"product","2":"type-product","3":"status-publish","4":"has-post-thumbnail","6":"product_cat-bracelets","7":"product_tag-bracelet","8":"product_tag-miyuki","9":"product_tag-red","11":"first","12":"instock","13":"taxable","14":"shipping-taxable","15":"purchasable","16":"product-type-simple"},"exclude_global_add_ons":[],"addons":[],"jetpack_publicize_connections":[],"jetpack_sharing_enabled":true,"jetpack_likes_enabled":true,"_links":{"self":[{"href":"https:\/\/ardeco.boutique\/de\/wp-json\/wp\/v2\/product\/1233","targetHints":{"allow":["GET"]}}],"collection":[{"href":"https:\/\/ardeco.boutique\/de\/wp-json\/wp\/v2\/product"}],"about":[{"href":"https:\/\/ardeco.boutique\/de\/wp-json\/wp\/v2\/types\/product"}],"replies":[{"embeddable":true,"href":"https:\/\/ardeco.boutique\/de\/wp-json\/wp\/v2\/comments?post=1233"}],"wp:featuredmedia":[{"embeddable":true,"href":"https:\/\/ardeco.boutique\/de\/wp-json\/wp\/v2\/media\/1030"}],"wp:attachment":[{"href":"https:\/\/ardeco.boutique\/de\/wp-json\/wp\/v2\/media?parent=1233"}],"wp:term":[{"taxonomy":"product_brand","embeddable":true,"href":"https:\/\/ardeco.boutique\/de\/wp-json\/wp\/v2\/product_brand?post=1233"},{"taxonomy":"product_cat","embeddable":true,"href":"https:\/\/ardeco.boutique\/de\/wp-json\/wp\/v2\/product_cat?post=1233"},{"taxonomy":"product_tag","embeddable":true,"href":"https:\/\/ardeco.boutique\/de\/wp-json\/wp\/v2\/product_tag?post=1233"}],"curies":[{"name":"wp","href":"https:\/\/api.w.org\/{rel}","templated":true}]}}