{"id":1258,"date":"2024-12-19T20:19:00","date_gmt":"2024-12-19T19:19:00","guid":{"rendered":"https:\/\/ardeco.boutique\/?post_type=product&#038;p=1258"},"modified":"2026-04-08T16:00:22","modified_gmt":"2026-04-08T14:00:22","slug":"ardeco-bracelet-miyuki-starlight","status":"publish","type":"product","link":"https:\/\/ardeco.boutique\/de\/shop\/bracelets\/ardeco-bracelet-miyuki-starlight\/","title":{"rendered":"Armband Starlight"},"content":{"rendered":"<p>Wundersch\u00f6nes &amp; einzigartiges Design von ARDECO. Dieses STARLIGHT Armband symbolisiert die Symbiose von Himmel und Sternenlicht und ist wunderbar harmonisch aus f\u00fcnf STARLIGHT Grundfarben und ARDECO-SILBER komponiert. Dieses jugendliche Armband passt perfekt zu einem einfarbigen Outfit und dunkle Jeans. Es wird mit Liebe in Lateinamerika aus 1.990 Miyuki-Glasperlen von Hand gef\u00e4delt.<\/p>\n<div id=\"tw-target-text-container\" class=\"tw-ta-container F0azHf tw-nfl\" tabindex=\"0\" role=\"text\">\n<pre id=\"tw-target-text\" class=\"tw-data-text tw-text-large tw-ta\" dir=\"ltr\" data-placeholder=\"\u00dcbersetzung\" data-ved=\"2ahUKEwjx76O9xbSKAxVxGhAIHR1-G4gQ3ewLegQICRAT\" aria-label=\"\u00dcbersetzter Text: This bracelet symbolizes the symbiosis of sky and starlight and is wonderfully harmoniously composed of five main colors and ARDECO silver. This youthful bracelet goes perfectly with a single-colored fashion outfit and jeans.\"><span class=\"Y2IQFc\" lang=\"en\">\u00a0<\/span><\/pre>\n<\/div>\n<div id=\"tw-target-rmn-container\" class=\"tw-target-rmn tw-ta-container F0azHf tw-nfl\" tabindex=\"0\" role=\"text\">\n<pre id=\"tw-target-rmn\" class=\"tw-data-placeholder tw-text-small tw-ta\" dir=\"ltr\" data-placeholder=\"\"><\/pre>\n<\/div>","protected":false},"excerpt":{"rendered":"<p>Handgef\u00e4deltes Miyuki-Armband aus 1.990 Glasperlen mit flexiblem Ziehverschluss f\u00fcr alle Handgelenksgr\u00f6\u00dfen. Ein echtes Schmuck-Unikat!<\/p>","protected":false},"featured_media":1017,"comment_status":"open","ping_status":"closed","template":"","meta":{"_crdt_document":"","advanced_seo_description":"","jetpack_seo_html_title":"","jetpack_seo_noindex":false,"jetpack_publicize_message":"","jetpack_publicize_feature_enabled":true,"jetpack_social_post_already_shared":true,"jetpack_social_options":{"image_generator_settings":{"template":"highway","default_image_id":0,"font":"","enabled":false},"version":2},"_wpas_customize_per_network":false},"product_brand":[],"product_cat":[1377],"product_tag":[1378,1414,1396],"class_list":{"0":"post-1258","1":"product","2":"type-product","3":"status-publish","4":"has-post-thumbnail","6":"product_cat-bracelets","7":"product_tag-bracelet","8":"product_tag-miyuki","9":"product_tag-silver","11":"first","12":"instock","13":"taxable","14":"shipping-taxable","15":"purchasable","16":"product-type-simple"},"exclude_global_add_ons":[],"addons":[],"jetpack_publicize_connections":[],"jetpack_sharing_enabled":true,"jetpack_likes_enabled":true,"_links":{"self":[{"href":"https:\/\/ardeco.boutique\/de\/wp-json\/wp\/v2\/product\/1258","targetHints":{"allow":["GET"]}}],"collection":[{"href":"https:\/\/ardeco.boutique\/de\/wp-json\/wp\/v2\/product"}],"about":[{"href":"https:\/\/ardeco.boutique\/de\/wp-json\/wp\/v2\/types\/product"}],"replies":[{"embeddable":true,"href":"https:\/\/ardeco.boutique\/de\/wp-json\/wp\/v2\/comments?post=1258"}],"wp:featuredmedia":[{"embeddable":true,"href":"https:\/\/ardeco.boutique\/de\/wp-json\/wp\/v2\/media\/1017"}],"wp:attachment":[{"href":"https:\/\/ardeco.boutique\/de\/wp-json\/wp\/v2\/media?parent=1258"}],"wp:term":[{"taxonomy":"product_brand","embeddable":true,"href":"https:\/\/ardeco.boutique\/de\/wp-json\/wp\/v2\/product_brand?post=1258"},{"taxonomy":"product_cat","embeddable":true,"href":"https:\/\/ardeco.boutique\/de\/wp-json\/wp\/v2\/product_cat?post=1258"},{"taxonomy":"product_tag","embeddable":true,"href":"https:\/\/ardeco.boutique\/de\/wp-json\/wp\/v2\/product_tag?post=1258"}],"curies":[{"name":"wp","href":"https:\/\/api.w.org\/{rel}","templated":true}]}}