{"id":150,"date":"2024-04-15T15:00:54","date_gmt":"2024-04-15T13:00:54","guid":{"rendered":"https:\/\/ardeco.boutique\/?post_type=product&#038;p=150"},"modified":"2026-03-28T14:46:29","modified_gmt":"2026-03-28T13:46:29","slug":"purple-green-14k-gold-earrings-luxury-accessory","status":"publish","type":"product","link":"https:\/\/ardeco.boutique\/de\/shop\/earrings\/purple-green-14k-gold-earrings-luxury-accessory\/","title":{"rendered":"Ohrringe Purple Green 14-Karat Echt-Gold"},"content":{"rendered":"<p>Wundersch\u00f6ne Ohrringe, handgefertigt. Gesamtl\u00e4nge 20 mm. Nettogewicht 4,4 g. 14 Karat zertifiziertes Echt-Gold. Zertifiziert durch ein \u00f6sterreichisches Labor. Nat\u00fcrliche Farbsteine: Peridot, Amethyst, Blautopas, Gr\u00fcner Goldstein. Gr\u00f6\u00dfe der Steine: je 5 mm.<\/p>","protected":false},"excerpt":{"rendered":"<p>Wundersch\u00f6nes handgefertigtes Paar Ohrringe aus echtem 14-kar\u00e4tigem Gold und zertifizierten wertvollen  Farbsteinen.<\/p>","protected":false},"featured_media":1089,"comment_status":"open","ping_status":"closed","template":"","meta":{"_crdt_document":"","advanced_seo_description":"","jetpack_seo_html_title":"","jetpack_seo_noindex":false,"jetpack_publicize_message":"","jetpack_publicize_feature_enabled":true,"jetpack_social_post_already_shared":true,"jetpack_social_options":{"image_generator_settings":{"template":"highway","default_image_id":0,"font":"","enabled":false},"version":2},"_wpas_customize_per_network":false},"product_brand":[],"product_cat":[1385],"product_tag":[1382,1383,1429,1384,1381,1426,1428],"class_list":{"0":"post-150","1":"product","2":"type-product","3":"status-publish","4":"has-post-thumbnail","6":"product_cat-earrings","7":"product_tag-amethyst","8":"product_tag-blue-topaz","9":"product_tag-green","10":"product_tag-green-goldstone","11":"product_tag-peridot","12":"product_tag-purple","13":"product_tag-real-gold-14-carat","15":"first","16":"outofstock","17":"sold-individually","18":"taxable","19":"shipping-taxable","20":"purchasable","21":"product-type-simple"},"exclude_global_add_ons":[],"addons":[],"jetpack_publicize_connections":[],"jetpack_sharing_enabled":true,"jetpack_likes_enabled":true,"_links":{"self":[{"href":"https:\/\/ardeco.boutique\/de\/wp-json\/wp\/v2\/product\/150","targetHints":{"allow":["GET"]}}],"collection":[{"href":"https:\/\/ardeco.boutique\/de\/wp-json\/wp\/v2\/product"}],"about":[{"href":"https:\/\/ardeco.boutique\/de\/wp-json\/wp\/v2\/types\/product"}],"replies":[{"embeddable":true,"href":"https:\/\/ardeco.boutique\/de\/wp-json\/wp\/v2\/comments?post=150"}],"wp:featuredmedia":[{"embeddable":true,"href":"https:\/\/ardeco.boutique\/de\/wp-json\/wp\/v2\/media\/1089"}],"wp:attachment":[{"href":"https:\/\/ardeco.boutique\/de\/wp-json\/wp\/v2\/media?parent=150"}],"wp:term":[{"taxonomy":"product_brand","embeddable":true,"href":"https:\/\/ardeco.boutique\/de\/wp-json\/wp\/v2\/product_brand?post=150"},{"taxonomy":"product_cat","embeddable":true,"href":"https:\/\/ardeco.boutique\/de\/wp-json\/wp\/v2\/product_cat?post=150"},{"taxonomy":"product_tag","embeddable":true,"href":"https:\/\/ardeco.boutique\/de\/wp-json\/wp\/v2\/product_tag?post=150"}],"curies":[{"name":"wp","href":"https:\/\/api.w.org\/{rel}","templated":true}]}}