{"id":1762,"date":"2025-10-07T12:28:39","date_gmt":"2025-10-07T10:28:39","guid":{"rendered":"https:\/\/ardeco.boutique\/?post_type=product&#038;p=1762"},"modified":"2026-01-02T13:25:56","modified_gmt":"2026-01-02T12:25:56","slug":"bracelet-bricks-koralle","status":"publish","type":"product","link":"https:\/\/ardeco.boutique\/de\/shop\/bracelets\/bracelet-bricks-koralle\/","title":{"rendered":"Armband Bricks Koralle"},"content":{"rendered":"<p>ARDECO KORALLE passt perfekt zu ARDECO BLITZBLAU, beides ARDECO MODEFARBEN 2026. Dieses Armband besteht aus 440 handgef\u00e4delten Miyuki-Glasperlen. Es wird liebevoll in Lateinamerika hergestellt. Dieses handgefertigte, einzigartige Schmuckst\u00fcck ist leicht, angenehm zu tragen und verf\u00fcgt \u00fcber einen flexiblen Verschluss f\u00fcr alle Handgelenksgr\u00f6\u00dfen.<\/p>","protected":false},"excerpt":{"rendered":"<p>Hand threaded Miyuki Bracelet out of 440 glass pearls with flexible pull closure for all wrist sizes. Have a look at the actual fashion colors of ARDECO at <a href=\"https:\/\/www.instagram.com\/p\/DPLvQbPDAak\/?utm_source=ig_web_copy_link&amp;igsh=MzRlODBiNWFlZA==\">GO TO ARDECO ON INSTA<\/a><\/p>","protected":false},"featured_media":1763,"comment_status":"open","ping_status":"closed","template":"","meta":{"_crdt_document":"","advanced_seo_description":"","jetpack_seo_html_title":"","jetpack_seo_noindex":false,"jetpack_publicize_message":"","jetpack_publicize_feature_enabled":true,"jetpack_social_post_already_shared":true,"jetpack_social_options":{"image_generator_settings":{"template":"highway","default_image_id":0,"font":"","enabled":false},"version":2},"_wpas_customize_per_network":false},"product_brand":[],"product_cat":[1377],"product_tag":[1448,1378,1449,1414],"class_list":{"0":"post-1762","1":"product","2":"type-product","3":"status-publish","4":"has-post-thumbnail","6":"product_cat-bracelets","7":"product_tag-blitzblau","8":"product_tag-bracelet","9":"product_tag-koralle","10":"product_tag-miyuki","12":"first","13":"instock","14":"taxable","15":"shipping-taxable","16":"purchasable","17":"product-type-simple"},"exclude_global_add_ons":[],"addons":[],"jetpack_publicize_connections":[],"jetpack_sharing_enabled":true,"jetpack_likes_enabled":true,"_links":{"self":[{"href":"https:\/\/ardeco.boutique\/de\/wp-json\/wp\/v2\/product\/1762","targetHints":{"allow":["GET"]}}],"collection":[{"href":"https:\/\/ardeco.boutique\/de\/wp-json\/wp\/v2\/product"}],"about":[{"href":"https:\/\/ardeco.boutique\/de\/wp-json\/wp\/v2\/types\/product"}],"replies":[{"embeddable":true,"href":"https:\/\/ardeco.boutique\/de\/wp-json\/wp\/v2\/comments?post=1762"}],"wp:featuredmedia":[{"embeddable":true,"href":"https:\/\/ardeco.boutique\/de\/wp-json\/wp\/v2\/media\/1763"}],"wp:attachment":[{"href":"https:\/\/ardeco.boutique\/de\/wp-json\/wp\/v2\/media?parent=1762"}],"wp:term":[{"taxonomy":"product_brand","embeddable":true,"href":"https:\/\/ardeco.boutique\/de\/wp-json\/wp\/v2\/product_brand?post=1762"},{"taxonomy":"product_cat","embeddable":true,"href":"https:\/\/ardeco.boutique\/de\/wp-json\/wp\/v2\/product_cat?post=1762"},{"taxonomy":"product_tag","embeddable":true,"href":"https:\/\/ardeco.boutique\/de\/wp-json\/wp\/v2\/product_tag?post=1762"}],"curies":[{"name":"wp","href":"https:\/\/api.w.org\/{rel}","templated":true}]}}