{"id":2381,"date":"2026-04-08T16:00:36","date_gmt":"2026-04-08T14:00:36","guid":{"rendered":"https:\/\/ardeco.boutique\/?post_type=product&#038;p=2381"},"modified":"2026-04-08T16:30:55","modified_gmt":"2026-04-08T14:30:55","slug":"papillon-azul","status":"publish","type":"product","link":"https:\/\/ardeco.boutique\/de\/shop\/bracelets\/papillon-azul\/","title":{"rendered":"Bracelet Papillon Azul"},"content":{"rendered":"<p>Wunderbares und einzigartiges Design von ARDECO. Dieses PAPILLON-Armband steht f\u00fcr Transformation, eine neue Chance im Leben. Wie der Schmetterling nach dem Schl\u00fcpfen aus dem Kokon erstrahlt er in einem v\u00f6llig neuen Gewand und erhellt den Himmel mit wundersch\u00f6nen, einzigartigen Farbkombinationen.<\/p>\n<p>Dieses Armband mit gro\u00dfer Bedeutung passt perfekt zu einem einfarbigen Oberteil wie wei\u00df oder schwarz und Jeans. Es wird in Lateinamerika mit viel Liebe aus 1.990 Miyuki-Glasperlen handgefertigt, und diese Arbeit dauert 5\u20137 Stunden.<\/p>\n<div id=\"tw-target-text-container\" class=\"tw-ta-container F0azHf tw-nfl\" tabindex=\"0\" role=\"text\">\n<pre id=\"tw-target-text\" class=\"tw-data-text tw-text-large tw-ta\" dir=\"ltr\" data-placeholder=\"\u00dcbersetzung\" data-ved=\"2ahUKEwjx76O9xbSKAxVxGhAIHR1-G4gQ3ewLegQICRAT\" aria-label=\"\u00dcbersetzter Text: This bracelet symbolizes the symbiosis of sky and starlight and is wonderfully harmoniously composed of five main colors and ARDECO silver. This youthful bracelet goes perfectly with a single-colored fashion outfit and jeans.\"><span class=\"Y2IQFc\" lang=\"en\">\u00a0<\/span><\/pre>\n<\/div>\n<div id=\"tw-target-rmn-container\" class=\"tw-target-rmn tw-ta-container F0azHf tw-nfl\" tabindex=\"0\" role=\"text\">\n<pre id=\"tw-target-rmn\" class=\"tw-data-placeholder tw-text-small tw-ta\" dir=\"ltr\" data-placeholder=\"\"><\/pre>\n<\/div>","protected":false},"excerpt":{"rendered":"<p>Handgef\u00e4deltes Miyuki-Armband aus 1.990 Glasperlen mit flexiblem Ziehverschluss f\u00fcr alle Handgelenksgr\u00f6\u00dfen. Ein echtes Schmuck-Unikat!<\/p>","protected":false},"featured_media":2378,"comment_status":"open","ping_status":"closed","template":"","meta":{"_crdt_document":"","advanced_seo_description":"","jetpack_seo_html_title":"","jetpack_seo_noindex":false,"jetpack_publicize_message":"","jetpack_publicize_feature_enabled":true,"jetpack_social_post_already_shared":true,"jetpack_social_options":{"image_generator_settings":{"template":"highway","default_image_id":0,"font":"","enabled":false},"version":2},"_wpas_customize_per_network":false},"product_brand":[],"product_cat":[1377],"product_tag":[1378,1414,1396],"class_list":{"0":"post-2381","1":"product","2":"type-product","3":"status-publish","4":"has-post-thumbnail","6":"product_cat-bracelets","7":"product_tag-bracelet","8":"product_tag-miyuki","9":"product_tag-silver","11":"first","12":"instock","13":"taxable","14":"shipping-taxable","15":"purchasable","16":"product-type-simple"},"exclude_global_add_ons":[],"addons":[],"jetpack_publicize_connections":[],"jetpack_sharing_enabled":true,"jetpack_likes_enabled":true,"_links":{"self":[{"href":"https:\/\/ardeco.boutique\/de\/wp-json\/wp\/v2\/product\/2381","targetHints":{"allow":["GET"]}}],"collection":[{"href":"https:\/\/ardeco.boutique\/de\/wp-json\/wp\/v2\/product"}],"about":[{"href":"https:\/\/ardeco.boutique\/de\/wp-json\/wp\/v2\/types\/product"}],"replies":[{"embeddable":true,"href":"https:\/\/ardeco.boutique\/de\/wp-json\/wp\/v2\/comments?post=2381"}],"wp:featuredmedia":[{"embeddable":true,"href":"https:\/\/ardeco.boutique\/de\/wp-json\/wp\/v2\/media\/2378"}],"wp:attachment":[{"href":"https:\/\/ardeco.boutique\/de\/wp-json\/wp\/v2\/media?parent=2381"}],"wp:term":[{"taxonomy":"product_brand","embeddable":true,"href":"https:\/\/ardeco.boutique\/de\/wp-json\/wp\/v2\/product_brand?post=2381"},{"taxonomy":"product_cat","embeddable":true,"href":"https:\/\/ardeco.boutique\/de\/wp-json\/wp\/v2\/product_cat?post=2381"},{"taxonomy":"product_tag","embeddable":true,"href":"https:\/\/ardeco.boutique\/de\/wp-json\/wp\/v2\/product_tag?post=2381"}],"curies":[{"name":"wp","href":"https:\/\/api.w.org\/{rel}","templated":true}]}}