{"id":360,"date":"2024-04-15T15:00:25","date_gmt":"2024-04-15T13:00:25","guid":{"rendered":"https:\/\/ardeco.boutique\/?post_type=product&#038;p=360"},"modified":"2025-03-31T15:30:08","modified_gmt":"2025-03-31T13:30:08","slug":"green-silver-gold-plated-earrings-luxury-accessory","status":"publish","type":"product","link":"https:\/\/ardeco.boutique\/de\/shop\/earrings\/green-silver-gold-plated-earrings-luxury-accessory\/","title":{"rendered":"Ohrringe Green Gold"},"content":{"rendered":"<p>Wundersch\u00f6ne Ohrringe, handgefertigt. Durchmesser Naturstein je 5 mm. Gesamtl\u00e4nge eines Ohrrings: 15 mm. Metallmaterial: Echtsilber 925 zertifiziert, mit einer 18-Karat Vergoldung. 1 Micron stark f\u00fcr beste Haftung und Langlebigkeit. Zertifiziert durch ein \u00f6sterreichisches Labor. Wertvoller Farbstein: Peridot.<\/p>","protected":false},"excerpt":{"rendered":"<p>Wundersch\u00f6ne Ohrringe, handgeschmiedet. Silber 925, vergoldet mit 18-kar\u00e4tigem Gold. Zertifiziert durch ein \u00f6sterreichisches Labor. Wertvoller Farbstein: Peridot.<\/p>","protected":false},"featured_media":1081,"comment_status":"open","ping_status":"closed","template":"","meta":{"_crdt_document":"","advanced_seo_description":"","jetpack_seo_html_title":"","jetpack_seo_noindex":false,"jetpack_publicize_message":"","jetpack_publicize_feature_enabled":true,"jetpack_social_post_already_shared":true,"jetpack_social_options":{"image_generator_settings":{"template":"highway","default_image_id":0,"font":"","enabled":false},"version":2},"_wpas_customize_per_network":false},"product_brand":[],"product_cat":[1385],"product_tag":[1429,1381],"class_list":{"0":"post-360","1":"product","2":"type-product","3":"status-publish","4":"has-post-thumbnail","6":"product_cat-earrings","7":"product_tag-green","8":"product_tag-peridot","10":"first","11":"instock","12":"sold-individually","13":"taxable","14":"shipping-taxable","15":"purchasable","16":"product-type-simple"},"exclude_global_add_ons":[],"addons":[],"jetpack_publicize_connections":[],"jetpack_sharing_enabled":true,"jetpack_likes_enabled":true,"_links":{"self":[{"href":"https:\/\/ardeco.boutique\/de\/wp-json\/wp\/v2\/product\/360","targetHints":{"allow":["GET"]}}],"collection":[{"href":"https:\/\/ardeco.boutique\/de\/wp-json\/wp\/v2\/product"}],"about":[{"href":"https:\/\/ardeco.boutique\/de\/wp-json\/wp\/v2\/types\/product"}],"replies":[{"embeddable":true,"href":"https:\/\/ardeco.boutique\/de\/wp-json\/wp\/v2\/comments?post=360"}],"wp:featuredmedia":[{"embeddable":true,"href":"https:\/\/ardeco.boutique\/de\/wp-json\/wp\/v2\/media\/1081"}],"wp:attachment":[{"href":"https:\/\/ardeco.boutique\/de\/wp-json\/wp\/v2\/media?parent=360"}],"wp:term":[{"taxonomy":"product_brand","embeddable":true,"href":"https:\/\/ardeco.boutique\/de\/wp-json\/wp\/v2\/product_brand?post=360"},{"taxonomy":"product_cat","embeddable":true,"href":"https:\/\/ardeco.boutique\/de\/wp-json\/wp\/v2\/product_cat?post=360"},{"taxonomy":"product_tag","embeddable":true,"href":"https:\/\/ardeco.boutique\/de\/wp-json\/wp\/v2\/product_tag?post=360"}],"curies":[{"name":"wp","href":"https:\/\/api.w.org\/{rel}","templated":true}]}}