{"id":383,"date":"2024-04-15T15:13:17","date_gmt":"2024-04-15T13:13:17","guid":{"rendered":"https:\/\/ardeco.boutique\/?post_type=product&#038;p=383"},"modified":"2025-12-24T12:51:15","modified_gmt":"2025-12-24T11:51:15","slug":"red-silver-gold-plated-necklace-luxury-accessory","status":"publish","type":"product","link":"https:\/\/ardeco.boutique\/de\/shop\/necklace\/red-silver-gold-plated-necklace-luxury-accessory\/","title":{"rendered":"Collier Red Gold"},"content":{"rendered":"<p>Wundersch\u00f6nes Collier, harmonisches Design durch die Symbiose aus Quader und Kreis. L\u00e4nge verstellbar von 41 bis 46 cm. Farbsteindurchmesser 6 mm. Die Gr\u00f6\u00dfe des Kreises ist 13 mm. Echtsilber, vergoldet mit einer 18-kar\u00e4tigen Echt-Gold-Legierung. Die Legierung ist 1 Micron dick und deshalb besonders stark beschichtet. Zertifiziert durch ein \u00f6sterreichisches Labor. Edler Naturstein: Granat<\/p>","protected":false},"excerpt":{"rendered":"<p>Wundersch\u00f6ne Kette, handgefertigt. Silber 925, vergoldet mit 18-karat Gold-Legierung. Zertifiziert durch ein \u00f6sterreichisches Labor. Edler Naturstein: Granat.<\/p>","protected":false},"featured_media":1071,"comment_status":"open","ping_status":"closed","template":"","meta":{"_crdt_document":"","advanced_seo_description":"","jetpack_seo_html_title":"","jetpack_seo_noindex":false,"jetpack_publicize_message":"","jetpack_publicize_feature_enabled":true,"jetpack_social_post_already_shared":true,"jetpack_social_options":{"image_generator_settings":{"template":"highway","default_image_id":0,"font":"","enabled":false},"version":2},"_wpas_customize_per_network":false},"product_brand":[],"product_cat":[1387],"product_tag":[1398,1415],"class_list":{"0":"post-383","1":"product","2":"type-product","3":"status-publish","4":"has-post-thumbnail","6":"product_cat-necklace","7":"product_tag-garnet","8":"product_tag-red","10":"first","11":"instock","12":"taxable","13":"shipping-taxable","14":"purchasable","15":"product-type-simple"},"exclude_global_add_ons":[],"addons":[],"jetpack_publicize_connections":[],"jetpack_sharing_enabled":true,"jetpack_likes_enabled":true,"_links":{"self":[{"href":"https:\/\/ardeco.boutique\/de\/wp-json\/wp\/v2\/product\/383","targetHints":{"allow":["GET"]}}],"collection":[{"href":"https:\/\/ardeco.boutique\/de\/wp-json\/wp\/v2\/product"}],"about":[{"href":"https:\/\/ardeco.boutique\/de\/wp-json\/wp\/v2\/types\/product"}],"replies":[{"embeddable":true,"href":"https:\/\/ardeco.boutique\/de\/wp-json\/wp\/v2\/comments?post=383"}],"wp:featuredmedia":[{"embeddable":true,"href":"https:\/\/ardeco.boutique\/de\/wp-json\/wp\/v2\/media\/1071"}],"wp:attachment":[{"href":"https:\/\/ardeco.boutique\/de\/wp-json\/wp\/v2\/media?parent=383"}],"wp:term":[{"taxonomy":"product_brand","embeddable":true,"href":"https:\/\/ardeco.boutique\/de\/wp-json\/wp\/v2\/product_brand?post=383"},{"taxonomy":"product_cat","embeddable":true,"href":"https:\/\/ardeco.boutique\/de\/wp-json\/wp\/v2\/product_cat?post=383"},{"taxonomy":"product_tag","embeddable":true,"href":"https:\/\/ardeco.boutique\/de\/wp-json\/wp\/v2\/product_tag?post=383"}],"curies":[{"name":"wp","href":"https:\/\/api.w.org\/{rel}","templated":true}]}}