{"id":411,"date":"2024-04-15T17:45:55","date_gmt":"2024-04-15T15:45:55","guid":{"rendered":"https:\/\/ardeco.boutique\/?post_type=product&#038;p=411"},"modified":"2025-12-24T12:46:34","modified_gmt":"2025-12-24T11:46:34","slug":"naranja-silver-gold-plated-ring-luxury-accessory","status":"publish","type":"product","link":"https:\/\/ardeco.boutique\/de\/shop\/rings\/naranja-silver-gold-plated-ring-luxury-accessory\/","title":{"rendered":"Ring Naranja Gold, Size 56"},"content":{"rendered":"<p>Wonderful Ring, handmade. Ring-Size 56 (European Size). Color Stone diameter 7 mm and Size of coin: 15 mm. Silver 925, gold plated. Certified by Austrian Laboratory. Precious Natural Color Stone: Citrine.<\/p>","protected":false},"excerpt":{"rendered":"<p>Wundersch\u00f6ner handgeschmiedeter Ring - Ring-Gr\u00f6\u00dfe 56. F\u00fcr abweichende Gr\u00f6\u00dfen kontaktieren Sie uns bitte unter office@ardeco.shop.<\/p>","protected":false},"featured_media":1096,"comment_status":"open","ping_status":"closed","template":"","meta":{"_crdt_document":"","advanced_seo_description":"","jetpack_seo_html_title":"","jetpack_seo_noindex":false,"jetpack_publicize_message":"","jetpack_publicize_feature_enabled":true,"jetpack_social_post_already_shared":true,"jetpack_social_options":{"image_generator_settings":{"template":"highway","default_image_id":0,"font":"","enabled":false},"version":2},"_wpas_customize_per_network":false},"product_brand":[],"product_cat":[1390],"product_tag":[1399,1433],"class_list":{"0":"post-411","1":"product","2":"type-product","3":"status-publish","4":"has-post-thumbnail","6":"product_cat-rings","7":"product_tag-citrin","8":"product_tag-naranja","10":"first","11":"instock","12":"sold-individually","13":"taxable","14":"shipping-taxable","15":"purchasable","16":"product-type-simple"},"exclude_global_add_ons":[],"addons":[],"jetpack_publicize_connections":[],"jetpack_sharing_enabled":true,"jetpack_likes_enabled":true,"_links":{"self":[{"href":"https:\/\/ardeco.boutique\/de\/wp-json\/wp\/v2\/product\/411","targetHints":{"allow":["GET"]}}],"collection":[{"href":"https:\/\/ardeco.boutique\/de\/wp-json\/wp\/v2\/product"}],"about":[{"href":"https:\/\/ardeco.boutique\/de\/wp-json\/wp\/v2\/types\/product"}],"replies":[{"embeddable":true,"href":"https:\/\/ardeco.boutique\/de\/wp-json\/wp\/v2\/comments?post=411"}],"wp:featuredmedia":[{"embeddable":true,"href":"https:\/\/ardeco.boutique\/de\/wp-json\/wp\/v2\/media\/1096"}],"wp:attachment":[{"href":"https:\/\/ardeco.boutique\/de\/wp-json\/wp\/v2\/media?parent=411"}],"wp:term":[{"taxonomy":"product_brand","embeddable":true,"href":"https:\/\/ardeco.boutique\/de\/wp-json\/wp\/v2\/product_brand?post=411"},{"taxonomy":"product_cat","embeddable":true,"href":"https:\/\/ardeco.boutique\/de\/wp-json\/wp\/v2\/product_cat?post=411"},{"taxonomy":"product_tag","embeddable":true,"href":"https:\/\/ardeco.boutique\/de\/wp-json\/wp\/v2\/product_tag?post=411"}],"curies":[{"name":"wp","href":"https:\/\/api.w.org\/{rel}","templated":true}]}}