{"id":480,"date":"2024-04-15T16:17:27","date_gmt":"2024-04-15T14:17:27","guid":{"rendered":"https:\/\/ardeco.boutique\/?post_type=product&#038;p=480"},"modified":"2026-04-08T15:41:16","modified_gmt":"2026-04-08T13:41:16","slug":"five-stone-bracelet-red-silver-gold-plated-luxury-accessory","status":"publish","type":"product","link":"https:\/\/ardeco.boutique\/de\/shop\/bracelets\/five-stone-bracelet-red-silver-gold-plated-luxury-accessory\/","title":{"rendered":"Five-Stone Red Gold"},"content":{"rendered":"<p>Wundersch\u00f6nes Armband mit 5 wertvollen Farbsteinen, handgefertigt. Echt Silber 925 mit einer 18-kar\u00e4tigen Echt-Gold-Legierung. Die L\u00e4nge des handgefertigten Armbands ist dreistufig von 16 bis 19,5 cm verstellbar. Wertvoller Farbstein: Granatstein. Zertifiziert durch ein \u00f6sterreichisches Labor.<\/p>","protected":false},"excerpt":{"rendered":"<p>Wundersch\u00f6nes handgefertigtes Armband aus echtem Silber 925 mit Echt-Gold-Legierung und aus kostbaren zertifizierten Steinen: Granatstein.<\/p>","protected":false},"featured_media":1046,"comment_status":"open","ping_status":"closed","template":"","meta":{"_crdt_document":"","advanced_seo_description":"","jetpack_seo_html_title":"","jetpack_seo_noindex":false,"jetpack_publicize_message":"","jetpack_publicize_feature_enabled":true,"jetpack_social_post_already_shared":true,"jetpack_social_options":{"image_generator_settings":{"template":"highway","default_image_id":0,"font":"","enabled":false},"version":2},"_wpas_customize_per_network":false},"product_brand":[],"product_cat":[1377],"product_tag":[1378,1398,1402,1397,1400],"class_list":{"0":"post-480","1":"product","2":"type-product","3":"status-publish","4":"has-post-thumbnail","6":"product_cat-bracelets","7":"product_tag-bracelet","8":"product_tag-garnet","9":"product_tag-gemstones","10":"product_tag-silver-925","11":"product_tag-silver-gold-plated","13":"first","14":"instock","15":"taxable","16":"shipping-taxable","17":"purchasable","18":"product-type-simple"},"exclude_global_add_ons":[],"addons":[],"jetpack_publicize_connections":[],"jetpack_sharing_enabled":true,"jetpack_likes_enabled":true,"_links":{"self":[{"href":"https:\/\/ardeco.boutique\/de\/wp-json\/wp\/v2\/product\/480","targetHints":{"allow":["GET"]}}],"collection":[{"href":"https:\/\/ardeco.boutique\/de\/wp-json\/wp\/v2\/product"}],"about":[{"href":"https:\/\/ardeco.boutique\/de\/wp-json\/wp\/v2\/types\/product"}],"replies":[{"embeddable":true,"href":"https:\/\/ardeco.boutique\/de\/wp-json\/wp\/v2\/comments?post=480"}],"wp:featuredmedia":[{"embeddable":true,"href":"https:\/\/ardeco.boutique\/de\/wp-json\/wp\/v2\/media\/1046"}],"wp:attachment":[{"href":"https:\/\/ardeco.boutique\/de\/wp-json\/wp\/v2\/media?parent=480"}],"wp:term":[{"taxonomy":"product_brand","embeddable":true,"href":"https:\/\/ardeco.boutique\/de\/wp-json\/wp\/v2\/product_brand?post=480"},{"taxonomy":"product_cat","embeddable":true,"href":"https:\/\/ardeco.boutique\/de\/wp-json\/wp\/v2\/product_cat?post=480"},{"taxonomy":"product_tag","embeddable":true,"href":"https:\/\/ardeco.boutique\/de\/wp-json\/wp\/v2\/product_tag?post=480"}],"curies":[{"name":"wp","href":"https:\/\/api.w.org\/{rel}","templated":true}]}}